{"id":100,"date":"2024-04-17T12:59:28","date_gmt":"2024-04-17T10:59:28","guid":{"rendered":"https:\/\/europee.giovannipoggiali.it\/?page_id=100"},"modified":"2024-04-17T13:10:14","modified_gmt":"2024-04-17T11:10:14","slug":"cookie-policy","status":"publish","type":"page","link":"https:\/\/europee.giovannipoggiali.it\/index.php\/cookie-policy\/","title":{"rendered":"Cookie Policy"},"content":{"rendered":"<p>[et_pb_section fb_built=&#8221;1&#8243; module_class=&#8221;parent-section&#8221; _builder_version=&#8221;4.16&#8243; _module_preset=&#8221;default&#8221; custom_padding=&#8221;0px||27px|||&#8221; global_colors_info=&#8221;{}&#8221; theme_builder_area=&#8221;post_content&#8221;][et_pb_row _builder_version=&#8221;4.16&#8243; custom_padding=&#8221;||7px|||&#8221; locked=&#8221;off&#8221; global_colors_info=&#8221;{}&#8221; theme_builder_area=&#8221;post_content&#8221;][et_pb_column type=&#8221;4_4&#8243; _builder_version=&#8221;4.16&#8243; custom_padding=&#8221;|||&#8221; global_colors_info=&#8221;{}&#8221; custom_padding__hover=&#8221;|||&#8221; theme_builder_area=&#8221;post_content&#8221;][et_pb_text admin_label=&#8221;Discover Beatuty Title&#8221; _builder_version=&#8221;4.24.3&#8243; text_font=&#8221;||||&#8221; text_text_color=&#8221;#1a1a1a&#8221; header_font=&#8221;|600|||||||&#8221; header_text_align=&#8221;left&#8221; header_letter_spacing=&#8221;2px&#8221; header_line_height=&#8221;1.3em&#8221; custom_margin=&#8221;||-2px|||&#8221; custom_padding=&#8221;|||&#8221; animation_style=&#8221;slide&#8221; animation_direction=&#8221;top&#8221; animation_intensity_slide=&#8221;10%&#8221; hover_enabled=&#8221;0&#8243; header_font_size_tablet=&#8221;60px&#8221; header_font_size_phone=&#8221;45px&#8221; header_font_size_last_edited=&#8221;on|phone&#8221; locked=&#8221;off&#8221; global_colors_info=&#8221;{}&#8221; theme_builder_area=&#8221;post_content&#8221; sticky_enabled=&#8221;0&#8243;]<\/p>\n<h1>Cookie Policy<\/h1>\n<p>[\/et_pb_text][et_pb_divider color=&#8221;#003399&#8243; divider_position=&#8221;center&#8221; divider_weight=&#8221;3px&#8221; disabled_on=&#8221;off|off|off&#8221; _builder_version=&#8221;4.24.3&#8243; max_width=&#8221;150px&#8221; height=&#8221;false&#8221; custom_margin=&#8221;||18px|||&#8221; animation_style=&#8221;slide&#8221; animation_direction=&#8221;top&#8221; animation_delay=&#8221;100ms&#8221; animation_intensity_slide=&#8221;10%&#8221; locked=&#8221;off&#8221; global_colors_info=&#8221;{}&#8221; theme_builder_area=&#8221;post_content&#8221;][\/et_pb_divider][et_pb_text admin_label=&#8221;Testo &#8211; cookie policy&#8221; _builder_version=&#8221;4.24.3&#8243; global_colors_info=&#8221;{}&#8221; sticky_enabled=&#8221;0&#8243; theme_builder_area=&#8221;post_content&#8221; text_font_size=&#8221;15px&#8221; text_line_height=&#8221;1.9em&#8221; custom_margin=&#8221;||18px|||&#8221; custom_padding=&#8221;10px||||false|false&#8221; hover_enabled=&#8221;0&#8243;]<\/p>\n<p>Questa informativa illustra in dettaglio come questo sito utilizza i cookie nonch\u00e9 i file tipo cookie e le tecnologie sui suoi siti web, ad esempio i Local Shared Objects, noti anche come i &#8220;cookie di Flash&#8221;, i Web beacon, ecc. Ci riferiremo a questi generalmente come \u201ccookie\u201d. Se visiti il nostro sito web e le impostazioni del tuo browser accettano i cookie, l&#8217;utilizzo dei nostri cookie sar\u00e0 considerato accettato.<\/p>\n<p>I cookie sono piccoli file inviati e memorizzati nel tuo computer dai siti web che visiti. I cookie sono memorizzati nella directory dei file del tuo browser. La volta successiva in cui visiterai il sito, il tuo browser legger\u00e0 il cookie e ritrasmetter\u00e0 le informazioni al sito web o all&#8217;entit\u00e0 che originariamente ha creato il cookie. Per saperne di pi\u00f9 su queste tecnologie e su come funzionano, visita, ad esempio, il sito allaboutcookies.org.<\/p>\n<p>I cookies di sessione utilizzati in questo sito evitano il ricorso ad altre tecniche informatiche potenzialmente pregiudizievoli per la riservatezza della navigazione degli utenti e non consentono l&#8217;acquisizione di dati personali identificativi dell&#8217;utente.<\/p>\n<p>I tempi di conservazione dei dati acquisiti dipendono dai tipi di cookie. I cookie della sessione scadono quando viene chiuso il browser. I cookie persistenti, incluso i Local Shared Objects \ufd3e\u201ccookie di Flash\u201d\ufd3f, hanno date di scadenza tipiche che vanno da due mesi fino a un paio di anni.<\/p>\n<h3>Come disabilitare i cookie<\/h3>\n<p>La maggioranza dei browser internet sono inizialmente impostati per accettare i cookie in modo automatico. Ci\u00f2 significa che hai la possibilit\u00e0, in ogni momento, di impostare il tuo browser in modo da accettare tutti i cookie, solo alcuni, oppure di rifiutarli, disabilitandone l\u2019uso da parte dei siti. Inoltre puoi normalmente impostare le preferenze del tuo browser in modo tale da essere avvisato ogni volta che un cookie viene memorizzato nel tuo computer. Al termine di ogni sessione di navigazione, infine, puoi cancellare dal disco fisso del tuo dispositivo i cookie raccolti. Se vuoi eliminare i cookie installati nella cartella dei cookie del browser utilizzato, occorre rammentare che ciascun browser presenta procedure diverse per la gestione delle impostazioni.<\/p>\n<p>Puoi trovare informazioni su come gestire i Cookie nel tuo browser ai seguenti indirizzi:<\/p>\n<p>Google Chrome (https:\/\/support.google.com\/chrome\/answer\/95647?co=GENIE.Platform%3DDesktop&amp;hl=it)<\/p>\n<p>Mozilla Firefox (https:\/\/support.mozilla.org\/it\/kb\/Gestione%20dei%20cookie)<\/p>\n<p>Apple Safari (https:\/\/support.apple.com\/kb\/ph19214?locale=it_IT)<\/p>\n<p>Apple Safari per dispositivi mobili (https:\/\/support.apple.com\/it-it\/HT201265)<\/p>\n<p>Microsoft Windows Explorer (https:\/\/support.microsoft.com\/it-it\/help\/17442\/windows-internet-explorer-delete-manage-cookies)<\/p>\n<p>Microsoft Windows Edge (https:\/\/privacy.microsoft.com\/it-IT\/windows-10-microsoft-edge-and-privacy)<\/p>\n<p>Inoltre per non ricevere i cookie di Google Analytics puoi visitare la pagina: https:\/\/tools.google.com\/dlpage\/gaoptout<\/p>\n<p>In alternativa \u00e8 possibile disabilitare soltanto i cookie di Google Analytics, utilizzando il componente aggiuntivo di opt-out fornito da Google per i browser principali.<\/p>\n<p>Se vuoi saperne di pi\u00f9 sui cookie in generale visita la pagina www.allaboutcookies.org oppure <a href=\"http:\/\/www.garanteprivacy\/cookie\" target=\"_blank\" rel=\"noopener\">www.garanteprivacy\/cookie<\/a>.<\/p>\n<h3>Tipologie di cookie<\/h3>\n<p><strong>Cookie tecnici che non richiedono consenso:<\/strong><\/p>\n<ol>\n<li>Cookie relativi ad attivit\u00e0 strettamente necessarie al funzionamento del sito e all\u2019erogazione del servizio: sono cookie volti a garantire la normale navigazione del sito. Nella maggior parte dei casi si tratta di cookie di sessione.<\/li>\n<li>Cookie di funzionalit\u00e0, relativi ad attivit\u00e0 di ottimizzazione: sono cookie che permettono all\u2019utente di navigare sul sito in funzione dei criteri selezionati (come ad esempio la lingua, la valuta, il contenuto del carrello durante gli acquisti online) al fine di consentire la fruizione dei servizi resi e\/o di migliorarli. Nella maggior parte dei casi si tratta di cookie che hanno una durata massima di 365 giorni.<\/li>\n<\/ol>\n<p><strong>Cookies di Terze Parti<\/strong><\/p>\n<p>In caso di servizi erogati da terze parti, puoi inoltre esercitare il tuo diritto ad opporti al tracciamento informandoti tramite la privacy policy della terza parte, tramite il link di opt out se esplicitamente fornito o contattando direttamente la stessa.<\/p>\n<p>Fermo restando quanto poc\u2019anzi affermato, il Titolare t\u2019informa che puoi avvalerti di Your Online Choices (http:\/\/www.youronlinechoices.com\/). Attraverso tale servizio ti \u00e8 possibile gestire le preferenze di tracciamento della maggior parte degli strumenti pubblicitari. Il Titolare, pertanto, ti consiglia di utilizzare tale risorsa in aggiunta alle informazioni fornite dal presente documento.<\/p>\n<p>Dal momento che l&#8217;installazione di Cookie e di altri sistemi di tracciamento operata da terze parti tramite i servizi utilizzati all&#8217;interno di questo Sito non pu\u00f2 essere tecnicamente controllato dal Titolare, ogni riferimento specifico a Cookie e sistemi di tracciamento installati da terze parti \u00e8 da considerarsi indicativo. Per ottenere informazioni complete, consulta la privacy policy degli eventuali servizi terzi.<\/p>\n<p>[\/et_pb_text][\/et_pb_column][\/et_pb_row][et_pb_row _builder_version=&#8221;4.16.0&#8243; _module_preset=&#8221;default&#8221; global_colors_info=&#8221;{}&#8221; theme_builder_area=&#8221;post_content&#8221; custom_padding=&#8221;||4px|||&#8221;][et_pb_column type=&#8221;4_4&#8243; _builder_version=&#8221;4.16.0&#8243; _module_preset=&#8221;default&#8221; global_colors_info=&#8221;{}&#8221; theme_builder_area=&#8221;post_content&#8221;][et_pb_text admin_label=&#8221;Testo &#8211; cookie policy&#8221; _builder_version=&#8221;4.24.3&#8243; global_colors_info=&#8221;{}&#8221; theme_builder_area=&#8221;post_content&#8221; text_font_size=&#8221;15px&#8221; text_line_height=&#8221;1.9em&#8221; custom_margin=&#8221;||18px|||&#8221; custom_padding=&#8221;10px||||false|false&#8221; hover_enabled=&#8221;0&#8243; sticky_enabled=&#8221;0&#8243;]<\/p>\n<h3>Cookie utilizzati<\/h3>\n<p><strong>Cookie di sessione (indispensabili per la gestione del sito):<br \/><\/strong>Il sito<b> <\/b>utilizza cookie di sessione per gestire l\u2019autenticazione per la gestione del sito e per accedere alle aree riservate. L\u2019uso di cookie di sessione (che non vengono memorizzati in modo persistente sul computer dell\u2019utente e si eliminano con la chiusura del browser) \u00e8 strettamente limitato alla trasmissione di identificativi di sessione necessari per consentire l\u2019esplorazione sicura ed efficiente del sito. E\u2019 presente un cookie per la registrazione delle opzioni relative ai cookies.<\/p>\n<p>&nbsp;<\/p>\n<p>[\/et_pb_text][et_pb_text _builder_version=&#8221;4.24.3&#8243; _module_preset=&#8221;default&#8221; hover_enabled=&#8221;0&#8243; global_colors_info=&#8221;{}&#8221; theme_builder_area=&#8221;post_content&#8221; sticky_enabled=&#8221;0&#8243;]<\/p>\n<table width=\"614\" height=\"92\">\n<tbody>\n<tr>\n<td style=\"width: 146px;\">NOME<\/td>\n<td style=\"width: 146px;\">TIPOLOGIA<\/td>\n<td style=\"width: 147px;\">DURATA<\/td>\n<td style=\"width: 147px;\">FUNZIONE<\/td>\n<\/tr>\n<tr>\n<td style=\"width: 146px;\"><\/td>\n<td style=\"width: 146px;\"><\/td>\n<td style=\"width: 147px;\"><\/td>\n<td style=\"width: 147px;\"><\/td>\n<\/tr>\n<tr>\n<td style=\"width: 146px;\"><\/td>\n<td style=\"width: 146px;\"><\/td>\n<td style=\"width: 147px;\"><\/td>\n<td style=\"width: 147px;\"><\/td>\n<\/tr>\n<tr>\n<td style=\"width: 146px;\"><\/td>\n<td style=\"width: 146px;\"><\/td>\n<td style=\"width: 147px;\"><\/td>\n<td style=\"width: 147px;\"><\/td>\n<\/tr>\n<\/tbody>\n<\/table>\n<p>&nbsp;<\/p>\n<p>[\/et_pb_text][et_pb_text admin_label=&#8221;Testo &#8211; cookie policy&#8221; _builder_version=&#8221;4.24.3&#8243; global_colors_info=&#8221;{}&#8221; theme_builder_area=&#8221;post_content&#8221; text_font_size=&#8221;15px&#8221; text_line_height=&#8221;1.9em&#8221; custom_margin=&#8221;||18px|||&#8221; custom_padding=&#8221;10px||||false|false&#8221; hover_enabled=&#8221;0&#8243; sticky_enabled=&#8221;0&#8243;]<\/p>\n<h3><strong>Durata dei cookie<\/strong><\/h3>\n<p>I cookie utilizzati dal sito terminano la propria validit\u00e0 al termine della sessione o dopo un tempo di inattivit\u00e0 dell&#8217;utente fissato dal server o secondo la tabella sopra riportata.<strong>\u00a0<\/strong><\/p>\n<h3><strong>Privacy Policy<\/strong><\/h3>\n<p>Per ulteriori approfondimenti ed una Privacy Policy completa del sito <a href=\"https:\/\/europee.giovannipoggiali.it\/index.php\/privacy-policy\/\">clicca qui<\/a><span style=\"text-decoration: underline;\"><\/span><\/p>\n<h3><strong>Riferimenti legali<\/strong><\/h3>\n<p>Avviso agli Utenti europei: la presente informativa privacy \u00e8 redatta in adempimento degli obblighi previsti dagli artt. 13 GDPR 2016\/679, nonch\u00e9 a quanto previsto dalla Direttiva 2002\/58\/CE, come aggiornata dalla Direttiva 2009\/136\/CE, in materia di Cookie. Questa informativa privacy riguarda esclusivamente questo sito web.<\/p>\n<h3><strong>Contatti<\/strong><\/h3>\n<p><strong>Per maggiori informazioni puoi contattare il Titolare del trattamento:<\/strong><\/p>\n<p><span style=\"font-size: 15px;\"><b>europee@giovannipoggiali.it<\/b>.<\/span><\/p>\n<p>[\/et_pb_text][\/et_pb_column][\/et_pb_row][\/et_pb_section]<\/p>\n","protected":false},"excerpt":{"rendered":"<p>Cookie PolicyQuesta informativa illustra in dettaglio come questo sito utilizza i cookie nonch\u00e9 i file tipo cookie e le tecnologie sui suoi siti web, ad esempio i Local Shared Objects, noti anche come i &#8220;cookie di Flash&#8221;, i Web beacon, ecc. Ci riferiremo a questi generalmente come \u201ccookie\u201d. Se visiti il nostro sito web e [&hellip;]<\/p>\n","protected":false},"author":1,"featured_media":0,"parent":0,"menu_order":0,"comment_status":"closed","ping_status":"closed","template":"","meta":{"_et_pb_use_builder":"on","_et_pb_old_content":"<!-- wp:divi\/placeholder \/-->","_et_gb_content_width":"","footnotes":""},"class_list":["post-100","page","type-page","status-publish","hentry"],"_links":{"self":[{"href":"https:\/\/europee.giovannipoggiali.it\/index.php\/wp-json\/wp\/v2\/pages\/100","targetHints":{"allow":["GET"]}}],"collection":[{"href":"https:\/\/europee.giovannipoggiali.it\/index.php\/wp-json\/wp\/v2\/pages"}],"about":[{"href":"https:\/\/europee.giovannipoggiali.it\/index.php\/wp-json\/wp\/v2\/types\/page"}],"author":[{"embeddable":true,"href":"https:\/\/europee.giovannipoggiali.it\/index.php\/wp-json\/wp\/v2\/users\/1"}],"replies":[{"embeddable":true,"href":"https:\/\/europee.giovannipoggiali.it\/index.php\/wp-json\/wp\/v2\/comments?post=100"}],"version-history":[{"count":4,"href":"https:\/\/europee.giovannipoggiali.it\/index.php\/wp-json\/wp\/v2\/pages\/100\/revisions"}],"predecessor-version":[{"id":105,"href":"https:\/\/europee.giovannipoggiali.it\/index.php\/wp-json\/wp\/v2\/pages\/100\/revisions\/105"}],"wp:attachment":[{"href":"https:\/\/europee.giovannipoggiali.it\/index.php\/wp-json\/wp\/v2\/media?parent=100"}],"curies":[{"name":"wp","href":"https:\/\/api.w.org\/{rel}","templated":true}]}}